{"id":2,"date":"2020-03-24T12:11:56","date_gmt":"2020-03-24T12:11:56","guid":{"rendered":"https:\/\/www.caramelos.com.br\/novo\/?page_id=2"},"modified":"2021-08-30T15:28:26","modified_gmt":"2021-08-30T15:28:26","slug":"sample-page","status":"publish","type":"page","link":"https:\/\/www.caramelos.com.br\/","title":{"rendered":"Inicial"},"content":{"rendered":"<div class=\"wpb-content-wrapper\"><p>[vc_row css=&#8221;.vc_custom_1585092761437{margin-top: -40px !important;}&#8221;][vc_column][vc_single_image image=&#8221;155&#8243; img_size=&#8221;full&#8221;][\/vc_column][\/vc_row][vc_row][vc_column][vc_column_text]<\/p>\n<h1 style=\"text-align: center;\">Caramelos Distribuidora<br \/>\n<span style=\"font-size: .8em;\">Uma Doce Op\u00e7\u00e3o<\/span><\/h1>\n<p style=\"text-align: center;\">Nossa loja possui uma grande variedade de doces, embalagens e artigos para festas, venha nos fazer uma visita!<br \/>\nEstamos localizados pr\u00f3ximo ao terminal do Alto Maracan\u00e3 em Colombo, ao lado da Caixa Econ\u00f4mica.<\/p>\n<div align=\"center\">\n<h3>Hor\u00e1rios de atendimento:<\/h3>\n<p>SEGUNDA \u00e0 SEXTA-FEIRA: das 08:30 as 18:00 &#8211; S\u00c1BADOS: das 08:30 as 17:00<br \/>\n<span style=\"font-size: 10px;\">(N\u00e3o fechamos para almo\u00e7o)<\/span><\/p>\n<\/div>\n<p>[\/vc_column_text][vc_single_image image=&#8221;158&#8243; img_size=&#8221;full&#8221; alignment=&#8221;center&#8221; onclick=&#8221;custom_link&#8221; img_link_target=&#8221;_blank&#8221; link=&#8221;https:\/\/app.nfemail.com.br\/Download&#8221; title=&#8221;Imprima sua NF-e&#8221;][\/vc_column][\/vc_row][vc_row][vc_column][vc_column_text]<\/p>\n<h4 style=\"text-align: center;\">Promo\u00e7\u00e3o pode ser encerrada a qualquer momento sem pr\u00e9vio aviso.<\/h4>\n<p style=\"text-align: center; margin-top: 10px;\">Promo\u00e7\u00e3o V\u00e1lida enquanto durarem os estoques dos produtos.<\/p>\n<p>[\/vc_column_text][vc_column_text]<\/p>\n<h1 style=\"text-align: center;\">PROMO\u00c7\u00d5ES<\/h1>\n<p>[\/vc_column_text][vc_row_inner][vc_column_inner width=&#8221;1\/4&#8243;][\/vc_column_inner][vc_column_inner width=&#8221;1\/4&#8243;][\/vc_column_inner][vc_column_inner width=&#8221;1\/4&#8243;][\/vc_column_inner][vc_column_inner width=&#8221;1\/4&#8243;][\/vc_column_inner][\/vc_row_inner][\/vc_column][\/vc_row][vc_row][vc_column width=&#8221;1\/4&#8243;][\/vc_column][vc_column width=&#8221;1\/4&#8243;][\/vc_column][vc_column width=&#8221;1\/4&#8243;][\/vc_column][\/vc_row][vc_row][vc_column][vc_empty_space height=&#8221;35px&#8221;][\/vc_column][\/vc_row][vc_row][vc_column][vc_column_text]<\/p>\n<h1 style=\"text-align: center;\">Localiza\u00e7\u00e3o<\/h1>\n<p>[\/vc_column_text][\/vc_column][\/vc_row][vc_row full_width=&#8221;stretch_row_content_no_spaces&#8221;][vc_column][vc_raw_html]JTNDaWZyYW1lJTIwc3JjJTNEJTIyaHR0cHMlM0ElMkYlMkZ3d3cuZ29vZ2xlLmNvbSUyRm1hcHMlMkZlbWJlZCUzRnBiJTNEJTIxMW0xOCUyMTFtMTIlMjExbTMlMjExZDM2MDUuMTIxMDU2NTExNTMyJTIxMmQtNDkuMTg3NTM3MDAwMDAwMDA2JTIxM2QtMjUuMzY3MjU5MDAwMDAwMDA0JTIxMm0zJTIxMWYwJTIxMmYwJTIxM2YwJTIxM20yJTIxMWkxMDI0JTIxMmk3NjglMjE0ZjEzLjElMjEzbTMlMjExbTIlMjExczB4OTRkY2U4YmU3YWFhYWE0ZiUyNTNBMHg3MWUyYzFiNGMyOGUxMzk4JTIxMnNDYXJhbWVsb3MlMkJEaXN0cmlidWlkb3JhJTJCZGUlMkJQcm9kdXRvcyUyQkFsaW1lbnQlMjVDMyUyNUFEY2lvcyUyMTVlMCUyMTNtMiUyMTFzcHQtQlIlMjEyc2JyJTIxNHYxNDA5OTIwNjk4NzE1JTIyJTIwd2lkdGglM0QlMjIxMDAlMjUlMjIlMjBoZWlnaHQlM0QlMjI0NTAlMjIlMjBmcmFtZWJvcmRlciUzRCUyMjAlMjIlMjBzdHlsZSUzRCUyMmJvcmRlciUzQTAlM0IlMjIlMjBhbGxvd2Z1bGxzY3JlZW4lM0QlMjIlMjIlMjBhcmlhLWhpZGRlbiUzRCUyMmZhbHNlJTIyJTIwdGFiaW5kZXglM0QlMjIwJTIyJTNFJTNDJTJGaWZyYW1lJTNF[\/vc_raw_html][vc_column_text]<\/p>\n<p style=\"text-align: center;\">Av. Marginal Jos\u00e9 de Anchieta, 1452 83408-010 Colombo &#8211; PR<\/p>\n<p>[\/vc_column_text][\/vc_column][\/vc_row][vc_row][vc_column][vc_empty_space height=&#8221;35px&#8221;][\/vc_column][\/vc_row][vc_row][vc_column][vc_column_text]<\/p>\n<h1 style=\"text-align: center;\">Entre em contato<\/h1>\n<p>[\/vc_column_text][\/vc_column][\/vc_row][vc_row css=&#8221;.vc_custom_1585138452753{padding-right: 15% !important;padding-left: 15% !important;}&#8221;][vc_column width=&#8221;1\/2&#8243;][vc_column_text]<\/p>\n<h3 style=\"text-align: center;\">caramelos@caramelos.com.br<\/h3>\n<p>[\/vc_column_text][\/vc_column][vc_column width=&#8221;1\/2&#8243;][vc_column_text]<\/p>\n<h3 style=\"text-align: center;\">41 3666-6873<\/h3>\n<p>[\/vc_column_text][\/vc_column][\/vc_row]<\/p>\n<\/div>","protected":false},"excerpt":{"rendered":"<p>[vc_row css=&#8221;.vc_custom_1585092761437{margin-top: -40px !important;}&#8221;][vc_column][vc_single_image image=&#8221;155&#8243; img_size=&#8221;full&#8221;][\/vc_column][\/vc_row][vc_row][vc_column][vc_column_text] Caramelos Distribuidora Uma Doce Op\u00e7\u00e3o Nossa loja possui uma grande variedade de doces, embalagens e artigos para festas, venha nos fazer uma visita! Estamos localizados pr\u00f3ximo ao terminal do Alto Maracan\u00e3&#8230;<\/p>\n","protected":false},"author":1,"featured_media":0,"parent":0,"menu_order":0,"comment_status":"closed","ping_status":"open","template":"page-nosidebar.php","meta":{"_joinchat":[],"footnotes":""},"class_list":["post-2","page","type-page","status-publish","hentry"],"_links":{"self":[{"href":"https:\/\/www.caramelos.com.br\/index.php?rest_route=\/wp\/v2\/pages\/2","targetHints":{"allow":["GET"]}}],"collection":[{"href":"https:\/\/www.caramelos.com.br\/index.php?rest_route=\/wp\/v2\/pages"}],"about":[{"href":"https:\/\/www.caramelos.com.br\/index.php?rest_route=\/wp\/v2\/types\/page"}],"author":[{"embeddable":true,"href":"https:\/\/www.caramelos.com.br\/index.php?rest_route=\/wp\/v2\/users\/1"}],"replies":[{"embeddable":true,"href":"https:\/\/www.caramelos.com.br\/index.php?rest_route=%2Fwp%2Fv2%2Fcomments&post=2"}],"version-history":[{"count":180,"href":"https:\/\/www.caramelos.com.br\/index.php?rest_route=\/wp\/v2\/pages\/2\/revisions"}],"predecessor-version":[{"id":353,"href":"https:\/\/www.caramelos.com.br\/index.php?rest_route=\/wp\/v2\/pages\/2\/revisions\/353"}],"wp:attachment":[{"href":"https:\/\/www.caramelos.com.br\/index.php?rest_route=%2Fwp%2Fv2%2Fmedia&parent=2"}],"curies":[{"name":"wp","href":"https:\/\/api.w.org\/{rel}","templated":true}]}}